{"id":503,"date":"2025-11-13T09:59:17","date_gmt":"2025-11-13T09:59:17","guid":{"rendered":"https:\/\/staging.cimakonsulenter.dk\/?page_id=503"},"modified":"2025-12-09T10:42:32","modified_gmt":"2025-12-09T10:42:32","slug":"teamet","status":"publish","type":"page","link":"https:\/\/staging.cimakonsulenter.dk\/index.php\/teamet\/","title":{"rendered":"Teamet"},"content":{"rendered":"<p>[et_pb_section fb_built=&#8221;1&#8243; admin_label=&#8221;Header&#8221; _builder_version=&#8221;4.25.1&#8243; _module_preset=&#8221;default&#8221; background_color=&#8221;gcid-8544a4e2-27b8-420a-83de-1cee04f2fb29&#8243; da_disable_devices=&#8221;off|off|off&#8221; locked=&#8221;off&#8221; collapsed=&#8221;on&#8221; global_colors_info=&#8221;{%22gcid-8544a4e2-27b8-420a-83de-1cee04f2fb29%22:%91%22background_color%22%93}&#8221; da_is_popup=&#8221;off&#8221; da_exit_intent=&#8221;off&#8221; da_has_close=&#8221;on&#8221; da_alt_close=&#8221;off&#8221; da_dark_close=&#8221;off&#8221; da_not_modal=&#8221;on&#8221; da_is_singular=&#8221;off&#8221; da_with_loader=&#8221;off&#8221; da_has_shadow=&#8221;on&#8221;][et_pb_row column_structure=&#8221;3_5,2_5&#8243; _builder_version=&#8221;4.25.1&#8243; _module_preset=&#8221;default&#8221; global_colors_info=&#8221;{}&#8221;][et_pb_column type=&#8221;3_5&#8243; _builder_version=&#8221;4.25.1&#8243; _module_preset=&#8221;default&#8221; global_colors_info=&#8221;{}&#8221;][et_pb_image src=&#8221;https:\/\/staging.cimakonsulenter.dk\/wp-content\/uploads\/2025\/11\/Lena-portraet-scaled.jpg&#8221; title_text=&#8221;Oplus_16908288&#8243; align_tablet=&#8221;&#8221; align_phone=&#8221;right&#8221; align_last_edited=&#8221;on|phone&#8221; disabled_on=&#8221;off|on|on&#8221; _builder_version=&#8221;4.27.4&#8243; _module_preset=&#8221;default&#8221; width_tablet=&#8221;&#8221; width_phone=&#8221;45%&#8221; width_last_edited=&#8221;on|phone&#8221; border_radii_tablet=&#8221;&#8221; border_radii_phone=&#8221;on|70px|70px|70px|70px&#8221; border_radii_last_edited=&#8221;on|phone&#8221; global_colors_info=&#8221;{}&#8221;][\/et_pb_image][dsm_typing_effect typing_effect=&#8221;Lena Cimarosti&#8221; typing_loop=&#8221;off&#8221; typing_viewport_repeat=&#8221;off&#8221; typing_cursor_color=&#8221;RGBA(255,255,255,0)&#8221; _builder_version=&#8221;4.27.4&#8243; _module_preset=&#8221;default&#8221; header_font=&#8221;DM Serif Text||||||||&#8221; header_font_size=&#8221;100px&#8221; header_font_size_tablet=&#8221;100px&#8221; header_font_size_phone=&#8221;45px&#8221; header_font_size_last_edited=&#8221;on|phone&#8221; global_colors_info=&#8221;{}&#8221;][\/dsm_typing_effect][et_pb_heading title=&#8221;Stifter og direkt\u00f8r&#8221; _builder_version=&#8221;4.27.4&#8243; _module_preset=&#8221;8961bf49-3a7e-43d8-8724-624d293dea15&#8243; title_text_color=&#8221;gcid-fa3e187d-20a7-4c5a-962d-49a38117a4cc&#8221; global_colors_info=&#8221;{%22gcid-fa3e187d-20a7-4c5a-962d-49a38117a4cc%22:%91%22title_text_color%22%93}&#8221;][\/et_pb_heading][et_pb_heading title=&#8221;CIMAkonsulenter er stiftet af mig, Lena Cimarosti med \u00f8nske om, at skabe kvalificerede indsatser i det social arbejde. &#8221; _builder_version=&#8221;4.27.4&#8243; _module_preset=&#8221;8961bf49-3a7e-43d8-8724-624d293dea15&#8243; title_font=&#8221;|600|||||||&#8221; title_text_color=&#8221;gcid-fa3e187d-20a7-4c5a-962d-49a38117a4cc&#8221; global_colors_info=&#8221;{%22gcid-fa3e187d-20a7-4c5a-962d-49a38117a4cc%22:%91%22title_text_color%22%93}&#8221;][\/et_pb_heading][et_pb_text quote_border_color=&#8221;#f2a094&#8243; _builder_version=&#8221;4.27.4&#8243; _module_preset=&#8221;5b7e98d5-8251-4d7c-bc34-4ce5a8fddb15&#8243; text_font_size=&#8221;14px&#8221; link_text_color=&#8221;#f2a094&#8243; locked=&#8221;off&#8221; global_colors_info=&#8221;{}&#8221;]<\/p>\n<p><span>Oprindeligt uddannet socialp\u00e6dagog p\u00e5 K\u00f8benhavns socialp\u00e6dagogiske seminarium (mere socialp\u00e6dagog bliver det ikke) i 1999.<\/span><\/p>\n<p><span>Herefter har jeg brugt mit arbejdsliv p\u00e5 at dygtigg\u00f8re mig i forskellige brancher af det sociale arbejde: Jeg har startet en unger\u00e5dgivning, anbragt b\u00f8rn &amp; unge og f\u00f8rt tilsyn, ageret socialr\u00e5dgiver, arbejdet p\u00e5 d\u00f8gn, arbejdet offentlig s\u00e5vel som i private organisationer. Alt i mens har har v\u00e6ret omkring DPU, Inpraxis, Center for Milj\u00f8terapi og center for mentalisering. Det har udstyret mig med b\u00e5de viden om, samt papir p\u00e5\u2026 Konsulent i systemisk og narrativ praksis Milj\u00f8terapeut Konsulent i metaliseringsbasseret familiearbejde Herudover alt det l\u00f8se man \u201cf\u00e5r for\u00e6rende\u201d undervejs i et langt arbejdsliv ift arbejdsmilj\u00f8, medicinh\u00e5ndtering og alle verserende teoretiske tilgange som kommer og g\u00e5r. <\/span><\/p>\n<p><span>DEN DYGTIGE PRAKTIKER HAR MASSER AF TEORI P\u00c5 LAGER, OG EN GOD FORNEMMELSE FOR HVAD DER SKAL BRUGES HVORN\u00c5R<\/span><\/p>\n<p>[\/et_pb_text][et_pb_button button_url=&#8221;#kons&#8221; button_text=&#8221;Vores konsulenter&#8221; button_alignment_tablet=&#8221;&#8221; button_alignment_phone=&#8221;center&#8221; button_alignment_last_edited=&#8221;on|phone&#8221; _builder_version=&#8221;4.27.4&#8243; _module_preset=&#8221;972138d3-5b12-4d39-bef3-bae4602b67b5&#8243; button_text_size_tablet=&#8221;&#8221; button_text_size_phone=&#8221;10px&#8221; button_text_size_last_edited=&#8221;on|phone&#8221; button_font_tablet=&#8221;&#8221; button_font_phone=&#8221;Montserrat|700||on|on||||&#8221; button_font_last_edited=&#8221;on|phone&#8221; locked=&#8221;off&#8221; global_colors_info=&#8221;{}&#8221;][\/et_pb_button][\/et_pb_column][et_pb_column type=&#8221;2_5&#8243; _builder_version=&#8221;4.25.1&#8243; _module_preset=&#8221;default&#8221; global_colors_info=&#8221;{}&#8221;][et_pb_image src=&#8221;https:\/\/staging.cimakonsulenter.dk\/wp-content\/uploads\/2025\/11\/Lena-portraet-scaled.jpg&#8221; title_text=&#8221;Oplus_16908288&#8243; disabled_on=&#8221;on|off|off&#8221; _builder_version=&#8221;4.27.4&#8243; _module_preset=&#8221;default&#8221; width_tablet=&#8221;&#8221; width_phone=&#8221;44%&#8221; width_last_edited=&#8221;on|phone&#8221; module_alignment_tablet=&#8221;&#8221; module_alignment_phone=&#8221;center&#8221; module_alignment_last_edited=&#8221;on|phone&#8221; border_radii=&#8221;on|500px|500px|500px|500px&#8221; global_colors_info=&#8221;{}&#8221; width__hover_enabled=&#8221;off|desktop&#8221;][\/et_pb_image][et_pb_divider show_divider=&#8221;off&#8221; disabled_on=&#8221;on|off|off&#8221; _builder_version=&#8221;4.27.4&#8243; _module_preset=&#8221;default&#8221; background_color=&#8221;gcid-bcc99e3b-722a-4dba-85e5-49c6d1592562&#8243; positioning=&#8221;absolute&#8221; position_origin_a=&#8221;top_right&#8221; width=&#8221;90px&#8221; width_tablet=&#8221;90px&#8221; width_phone=&#8221;60px&#8221; width_last_edited=&#8221;on|desktop&#8221; height=&#8221;90px&#8221; height_tablet=&#8221;90px&#8221; height_phone=&#8221;60px&#8221; height_last_edited=&#8221;on|desktop&#8221; border_radii=&#8221;on|500px|500px|500px|500px&#8221; global_colors_info=&#8221;{%22gcid-bcc99e3b-722a-4dba-85e5-49c6d1592562%22:%91%22background_color%22,%22background_color%22,%22background_color%22%93}&#8221;][\/et_pb_divider][\/et_pb_column][\/et_pb_row][\/et_pb_section][et_pb_section fb_built=&#8221;1&#8243; admin_label=&#8221;Qualifications&#8221; _builder_version=&#8221;4.27.4&#8243; _module_preset=&#8221;default&#8221; background_color=&#8221;#FFFFFF&#8221; background_enable_pattern_style=&#8221;on&#8221; background_pattern_color=&#8221;#efede8&#8243; background_pattern_size=&#8221;custom&#8221; background_pattern_width=&#8221;800px&#8221; background_pattern_horizontal_offset=&#8221;12%&#8221; da_disable_devices=&#8221;off|off|off&#8221; locked=&#8221;off&#8221; collapsed=&#8221;on&#8221; global_colors_info=&#8221;{}&#8221; da_is_popup=&#8221;off&#8221; da_exit_intent=&#8221;off&#8221; da_has_close=&#8221;on&#8221; da_alt_close=&#8221;off&#8221; da_dark_close=&#8221;off&#8221; da_not_modal=&#8221;on&#8221; da_is_singular=&#8221;off&#8221; da_with_loader=&#8221;off&#8221; da_has_shadow=&#8221;on&#8221;][et_pb_row _builder_version=&#8221;4.27.4&#8243; _module_preset=&#8221;default&#8221; global_colors_info=&#8221;{}&#8221;][et_pb_column type=&#8221;4_4&#8243; _builder_version=&#8221;4.27.4&#8243; _module_preset=&#8221;default&#8221; global_colors_info=&#8221;{}&#8221;][et_pb_heading title=&#8221;Om cimakonsulenter&#8221; _builder_version=&#8221;4.27.4&#8243; _module_preset=&#8221;default&#8221; title_font=&#8221;Montserrat|600||on|||||&#8221; title_text_align=&#8221;right&#8221; title_text_color=&#8221;#164e4e&#8221; title_font_size=&#8221;22px&#8221; title_text_align_tablet=&#8221;right&#8221; title_text_align_phone=&#8221;center&#8221; title_text_align_last_edited=&#8221;on|phone&#8221; global_colors_info=&#8221;{}&#8221;][\/et_pb_heading][\/et_pb_column][\/et_pb_row][et_pb_row _builder_version=&#8221;4.27.4&#8243; _module_preset=&#8221;default&#8221; background_color=&#8221;#efede8&#8243; global_colors_info=&#8221;{}&#8221;][et_pb_column type=&#8221;4_4&#8243; _builder_version=&#8221;4.25.1&#8243; _module_preset=&#8221;default&#8221; global_colors_info=&#8221;{}&#8221;][et_pb_text _builder_version=&#8221;4.27.4&#8243; _module_preset=&#8221;default&#8221; custom_padding=&#8221;0px|20px||20px|false|false&#8221; animation_style=&#8221;flip&#8221; global_colors_info=&#8221;{}&#8221;]<\/p>\n<p>CIMAkonsulenter tilbyder kvalificerede indsatser med udgangspunkt i hjemmene, og vores indsatser er altid med uddannet samt erfarent personale.<br \/>Vi tilbyder b\u00e5de pakkel\u00f8sninger, samt opgavel\u00f8sninger time for time.<\/p>\n<p>Vores viden om b\u00f8rn og unges udvikling, samt hvordan vi har mulighed for at underst\u00f8tte med sammenh\u00e6ng og struktur, giver betingelser for, at familierne kan udvikle sig sammen \u2013 og hver for sig.<\/p>\n<p>CIMAkonsulenter er skarpe p\u00e5 m\u00e5let og afd\u00e6kker og intervenerer l\u00f8bende i indsatsen med b\u00f8rnene, den unge og for\u00e6ldrene.<\/p>\n<p>Vi g\u00e5r op i: tillid, forst\u00e5else for familiens situation, observationer af b\u00f8rnenes levevilk\u00e5r og deres tegn p\u00e5 mistrivsel og trivsel.<\/p>\n<p>Vi arbejder med tydelighed over for kommune\/R\u00e5dgiver og for\u00e6ldre og samarbejder med alle. Alle involverede skal vide, hvad vi g\u00f8r og hvorfor. Vi evaluerer l\u00f8bende og sammen.<\/p>\n<p>Hos CIMAkonsulenter g\u00e5r vi op i, at alle ser positive forandringer og at vores tilstedev\u00e6relse g\u00f8r en forskel.<\/p>\n<p><strong>\u00a0<\/strong><\/p>\n<p><strong>Vi kan etablere en kvalificeret ramme for indsatser hurtigt med kort varsel<\/strong><\/p>\n<p>[\/et_pb_text][\/et_pb_column][\/et_pb_row][\/et_pb_section][et_pb_section fb_built=&#8221;1&#8243; admin_label=&#8221;About&#8221; module_id=&#8221;kons&#8221; _builder_version=&#8221;4.27.4&#8243; _module_preset=&#8221;default&#8221; background_color=&#8221;gcid-8544a4e2-27b8-420a-83de-1cee04f2fb29&#8243; da_popup_slug=&#8221;kons&#8221; da_disable_devices=&#8221;off|off|off&#8221; locked=&#8221;off&#8221; collapsed=&#8221;on&#8221; global_colors_info=&#8221;{%22gcid-8544a4e2-27b8-420a-83de-1cee04f2fb29%22:%91%22background_color%22%93}&#8221; da_is_popup=&#8221;off&#8221; da_exit_intent=&#8221;off&#8221; da_has_close=&#8221;on&#8221; da_alt_close=&#8221;off&#8221; da_dark_close=&#8221;off&#8221; da_not_modal=&#8221;on&#8221; da_is_singular=&#8221;off&#8221; da_with_loader=&#8221;off&#8221; da_has_shadow=&#8221;on&#8221;][et_pb_row _builder_version=&#8221;4.27.4&#8243; _module_preset=&#8221;default&#8221; locked=&#8221;off&#8221; global_colors_info=&#8221;{}&#8221;][et_pb_column type=&#8221;4_4&#8243; _builder_version=&#8221;4.25.1&#8243; _module_preset=&#8221;default&#8221; global_colors_info=&#8221;{}&#8221;][et_pb_heading title=&#8221;Vores dygtige konsulenter&#8221; _builder_version=&#8221;4.27.4&#8243; _module_preset=&#8221;8961bf49-3a7e-43d8-8724-624d293dea15&#8243; title_text_color=&#8221;gcid-fa3e187d-20a7-4c5a-962d-49a38117a4cc&#8221; global_colors_info=&#8221;{%22gcid-fa3e187d-20a7-4c5a-962d-49a38117a4cc%22:%91%22title_text_color%22%93}&#8221;][\/et_pb_heading][\/et_pb_column][\/et_pb_row][et_pb_row _builder_version=&#8221;4.27.4&#8243; _module_preset=&#8221;default&#8221; global_colors_info=&#8221;{}&#8221;][et_pb_column type=&#8221;4_4&#8243; _builder_version=&#8221;4.27.4&#8243; _module_preset=&#8221;default&#8221; global_colors_info=&#8221;{}&#8221;][dsm_card_carousel arrows=&#8221;off&#8221; image_alignment_tablet=&#8221;&#8221; image_alignment_phone=&#8221;center&#8221; image_alignment_last_edited=&#8221;on|phone&#8221; _builder_version=&#8221;4.27.4&#8243; _module_preset=&#8221;default&#8221; global_colors_info=&#8221;{}&#8221;][dsm_card_carousel_child title=&#8221;Cimakonsulent&#8221; subtitle=&#8221;Rikke&#8221; image=&#8221;https:\/\/staging.cimakonsulenter.dk\/wp-content\/uploads\/2025\/11\/psychologist-05.jpg&#8221; image_background_size=&#8221;contain&#8221; image_background_position=&#8221;center_left&#8221; image_background_animation=&#8221;zoom_in&#8221; image_background_animation_speed=&#8221;1083ms&#8221; button_url_new_window=&#8221;1&#8243; _builder_version=&#8221;4.27.4&#8243; _module_preset=&#8221;default&#8221; header_level=&#8221;h4&#8243; header_font=&#8221;|||on|||||&#8221; header_text_color=&#8221;#164e4e&#8221; subhead_font=&#8221;|600|||||||&#8221; subhead_text_color=&#8221;#164e4e&#8221; global_colors_info=&#8221;{}&#8221; parent_button=&#8221;off&#8221; parent_header_level=&#8221;h4&#8243;]<\/p>\n<p>uddannet lkVNSLVNLJFV\u00c6JERVBDKJFBVAbkjsbfaf<\/p>\n<p>nsdiohflsnfoasifhaldsnvdv<\/p>\n<p>SVBKJDBVSDBVSDVBKSDVJBKSDBV<\/p>\n<p>[\/dsm_card_carousel_child][\/dsm_card_carousel][\/et_pb_column][\/et_pb_row][\/et_pb_section][et_pb_section fb_built=&#8221;1&#8243; admin_label=&#8221;Footer&#8221; _builder_version=&#8221;4.25.1&#8243; _module_preset=&#8221;default&#8221; background_color=&#8221;gcid-8544a4e2-27b8-420a-83de-1cee04f2fb29&#8243; da_disable_devices=&#8221;off|off|off&#8221; saved_tabs=&#8221;all&#8221; collapsed=&#8221;on&#8221; global_colors_info=&#8221;{%22gcid-8544a4e2-27b8-420a-83de-1cee04f2fb29%22:%91%22background_color%22%93}&#8221; da_is_popup=&#8221;off&#8221; da_exit_intent=&#8221;off&#8221; da_has_close=&#8221;on&#8221; da_alt_close=&#8221;off&#8221; da_dark_close=&#8221;off&#8221; da_not_modal=&#8221;on&#8221; da_is_singular=&#8221;off&#8221; da_with_loader=&#8221;off&#8221; da_has_shadow=&#8221;on&#8221;][et_pb_row column_structure=&#8221;1_2,1_2&#8243; _builder_version=&#8221;4.25.1&#8243; _module_preset=&#8221;default&#8221; global_colors_info=&#8221;{}&#8221;][et_pb_column type=&#8221;1_2&#8243; _builder_version=&#8221;4.25.1&#8243; _module_preset=&#8221;default&#8221; global_colors_info=&#8221;{}&#8221;][et_pb_heading title=&#8221;Kontakt os&#8221; _builder_version=&#8221;4.27.4&#8243; _module_preset=&#8221;4b089a63-43e0-4d95-a2f9-251d8f83234e&#8221; global_colors_info=&#8221;{}&#8221;][\/et_pb_heading][et_pb_text quote_border_color=&#8221;#f2a094&#8243; _builder_version=&#8221;4.27.4&#8243; _module_preset=&#8221;67ba240c-3440-49f3-b503-74fef12f469b&#8221; link_text_color=&#8221;#f2a094&#8243; global_colors_info=&#8221;{}&#8221;]<\/p>\n<p>Vi ser frem til at h\u00f8re fra dig, og kommer meget gerne til dig for en<br \/>uforpligtende samtale om de behov i opgaver, du\/I st\u00e5r med. Sammen finder vi l\u00f8sning.<\/p>\n<p>[\/et_pb_text][\/et_pb_column][et_pb_column type=&#8221;1_2&#8243; _builder_version=&#8221;4.25.1&#8243; _module_preset=&#8221;default&#8221; global_colors_info=&#8221;{}&#8221;][et_pb_heading title=&#8221;L\u00e6s om vores takster her&#8221; _builder_version=&#8221;4.27.4&#8243; _module_preset=&#8221;8961bf49-3a7e-43d8-8724-624d293dea15&#8243; title_text_color=&#8221;gcid-fa3e187d-20a7-4c5a-962d-49a38117a4cc&#8221; hover_enabled=&#8221;0&#8243; locked=&#8221;off&#8221; global_colors_info=&#8221;{%22gcid-fa3e187d-20a7-4c5a-962d-49a38117a4cc%22:%91%22title_text_color%22%93}&#8221; title_font_last_edited=&#8221;on|phone&#8221; title_text_align_last_edited=&#8221;on|phone&#8221; title_text_align_phone=&#8221;right&#8221; title_font_size_phone=&#8221;12px&#8221; sticky_enabled=&#8221;0&#8243;][\/et_pb_heading][et_pb_button button_url=&#8221;https:\/\/staging.cimakonsulenter.dk\/index.php\/takster&#8221; url_new_window=&#8221;on&#8221; button_text=&#8221;Takster&#8221; button_alignment_tablet=&#8221;&#8221; button_alignment_phone=&#8221;right&#8221; button_alignment_last_edited=&#8221;on|phone&#8221; _builder_version=&#8221;4.27.4&#8243; _module_preset=&#8221;43d76058-564a-4af3-a4a5-b80919dd1859&#8243; button_icon=&#8221;&#x24;||divi||400&#8243; button_text_size_tablet=&#8221;&#8221; button_text_size_phone=&#8221;10px&#8221; button_text_size_last_edited=&#8221;on|phone&#8221; button_font_tablet=&#8221;&#8221; button_font_phone=&#8221;Montserrat|700||on|on||||&#8221; button_font_last_edited=&#8221;on|phone&#8221; global_colors_info=&#8221;{}&#8221; button_text_color__hover_enabled=&#8221;on|hover&#8221; button_bg_color__hover_enabled=&#8221;on|hover&#8221; button_bg_color__hover=&#8221;#798d93&#8243; button_bg_enable_color__hover=&#8221;on&#8221;][\/et_pb_button][\/et_pb_column][\/et_pb_row][et_pb_row column_structure=&#8221;1_4,1_4,1_4,1_4&#8243; disabled_on=&#8221;on|off|off&#8221; _builder_version=&#8221;4.27.4&#8243; _module_preset=&#8221;default&#8221; global_colors_info=&#8221;{}&#8221;][et_pb_column type=&#8221;1_4&#8243; _builder_version=&#8221;4.25.1&#8243; _module_preset=&#8221;default&#8221; global_colors_info=&#8221;{}&#8221;][et_pb_heading title=&#8221;Adresse&#8221; _builder_version=&#8221;4.27.4&#8243; _module_preset=&#8221;e4629149-ace2-4304-93d1-9368d914fa98&#8243; custom_margin=&#8221;||0px||false|false&#8221; global_colors_info=&#8221;{}&#8221;][\/et_pb_heading][et_pb_text _builder_version=&#8221;4.27.4&#8243; _module_preset=&#8221;be36ae2e-8dc8-4981-a90b-07dcc0560823&#8243; global_colors_info=&#8221;{}&#8221;]<\/p>\n<p>Kong Eriks Have 7, 2765 Sm\u00f8rum<\/p>\n<p>[\/et_pb_text][\/et_pb_column][et_pb_column type=&#8221;1_4&#8243; _builder_version=&#8221;4.25.1&#8243; _module_preset=&#8221;default&#8221; global_colors_info=&#8221;{}&#8221;][et_pb_heading title=&#8221;Telefon&#8221; _builder_version=&#8221;4.27.4&#8243; _module_preset=&#8221;e4629149-ace2-4304-93d1-9368d914fa98&#8243; custom_margin=&#8221;||0px||false|false&#8221; global_colors_info=&#8221;{}&#8221;][\/et_pb_heading][et_pb_text _builder_version=&#8221;4.27.4&#8243; _module_preset=&#8221;be36ae2e-8dc8-4981-a90b-07dcc0560823&#8243; global_colors_info=&#8221;{}&#8221;]<\/p>\n<p>28 55 64 70<\/p>\n<p>[\/et_pb_text][\/et_pb_column][et_pb_column type=&#8221;1_4&#8243; _builder_version=&#8221;4.25.1&#8243; _module_preset=&#8221;default&#8221; global_colors_info=&#8221;{}&#8221;][et_pb_heading title=&#8221;Email&#8221; _builder_version=&#8221;4.25.1&#8243; _module_preset=&#8221;e4629149-ace2-4304-93d1-9368d914fa98&#8243; custom_margin=&#8221;||0px||false|false&#8221; global_colors_info=&#8221;{}&#8221;][\/et_pb_heading][et_pb_text _builder_version=&#8221;4.27.4&#8243; _module_preset=&#8221;be36ae2e-8dc8-4981-a90b-07dcc0560823&#8243; link_text_color=&#8221;#666666&#8243; global_colors_info=&#8221;{%22gcid-bcc99e3b-722a-4dba-85e5-49c6d1592562%22:%91%22quote_border_color%22,%22quote_border_color%22,%22quote_border_color%22,%22quote_border_color%22,%22quote_border_color%22%93,%22gcid-fa3e187d-20a7-4c5a-962d-49a38117a4cc%22:%91%22quote_text_color%22,%22quote_text_color%22,%22quote_text_color%22,%22quote_text_color%22,%22quote_text_color%22%93}&#8221;]<\/p>\n<p><a href=\"mailto:lena@cimakonsulenter.dk\">lena@cimakonsulenter.dk<\/a><\/p>\n<p>[\/et_pb_text][\/et_pb_column][et_pb_column type=&#8221;1_4&#8243; _builder_version=&#8221;4.27.4&#8243; _module_preset=&#8221;default&#8221; global_colors_info=&#8221;{}&#8221;][et_pb_heading title=&#8221;CVRnummer&#8221; _builder_version=&#8221;4.27.4&#8243; _module_preset=&#8221;e4629149-ace2-4304-93d1-9368d914fa98&#8243; custom_margin=&#8221;||0px||false|false&#8221; global_colors_info=&#8221;{}&#8221;][\/et_pb_heading][et_pb_text _builder_version=&#8221;4.27.4&#8243; _module_preset=&#8221;be36ae2e-8dc8-4981-a90b-07dcc0560823&#8243; link_text_color=&#8221;#666666&#8243; global_colors_info=&#8221;{%22gcid-bcc99e3b-722a-4dba-85e5-49c6d1592562%22:%91%22quote_border_color%22,%22quote_border_color%22,%22quote_border_color%22,%22quote_border_color%22,%22quote_border_color%22%93,%22gcid-fa3e187d-20a7-4c5a-962d-49a38117a4cc%22:%91%22quote_text_color%22,%22quote_text_color%22,%22quote_text_color%22,%22quote_text_color%22,%22quote_text_color%22%93}&#8221;]<\/p>\n<p>40425993<\/p>\n<p>[\/et_pb_text][\/et_pb_column][\/et_pb_row][et_pb_row disabled_on=&#8221;off|on|on&#8221; _builder_version=&#8221;4.27.4&#8243; _module_preset=&#8221;default&#8221; global_colors_info=&#8221;{}&#8221;][et_pb_column type=&#8221;4_4&#8243; _builder_version=&#8221;4.27.4&#8243; _module_preset=&#8221;default&#8221; global_colors_info=&#8221;{}&#8221;][et_pb_text _builder_version=&#8221;4.27.4&#8243; _module_preset=&#8221;default&#8221; text_font_size_tablet=&#8221;&#8221; text_font_size_phone=&#8221;&#8221; text_font_size_last_edited=&#8221;on|phone&#8221; global_colors_info=&#8221;{}&#8221;]<\/p>\n<p style=\"text-align: center;\"><strong>Adresse: <\/strong>Kong Eriks Have 7, 2765 Sm\u00f8rum<\/p>\n<p style=\"text-align: center;\"><strong>Telefon: <\/strong>28556470<\/p>\n<p style=\"text-align: center;\"><strong>Email: <\/strong><a href=\"mailto:lena@cimakonsulenter.dk\">lena@cimakonsulenter.dk <\/a><\/p>\n<p style=\"text-align: center;\"><strong>CVRnummer:<\/strong> 40425993<\/p>\n<p>[\/et_pb_text][\/et_pb_column][\/et_pb_row][et_pb_row _builder_version=&#8221;4.27.4&#8243; _module_preset=&#8221;default&#8221; global_colors_info=&#8221;{}&#8221;][et_pb_column type=&#8221;4_4&#8243; _builder_version=&#8221;4.27.4&#8243; _module_preset=&#8221;default&#8221; global_colors_info=&#8221;{}&#8221;][dsm_social_share_buttons _builder_version=&#8221;4.27.4&#8243; _module_preset=&#8221;default&#8221; global_colors_info=&#8221;{}&#8221;][dsm_social_share_buttons_child dsm_network=&#8221;linkedin&#8221; dsm_custom_label=&#8221;F\u00f8lg med i vores arbejde p\u00e5 Linkedin&#8221; _builder_version=&#8221;4.27.4&#8243; _module_preset=&#8221;default&#8221; global_colors_info=&#8221;{}&#8221; dsm_view=&#8221;icon_text&#8221; dsm_label=&#8221;on&#8221; dsm_social_hover_animation=&#8221;dsm-none&#8221;][\/dsm_social_share_buttons_child][\/dsm_social_share_buttons][\/et_pb_column][\/et_pb_row][\/et_pb_section]<\/p>\n","protected":false},"excerpt":{"rendered":"<p><div class=\"et_pb_module dsm_typing_effect dsm_typing_effect_0 et_pb_bg_layout_light \">\n\t\t\t\t\n\t\t\t\t\n\t\t\t\t\n\t\t\t\t\n\t\t\t\t\n\t\t\t\t\n\t\t\t\t<div class=\"et_pb_module_inner\">\n\t\t\t\t\t<h1 class=\"dsm-typing-effect et_pb_module_header\" aria-label=\"Lena Cimarosti\"> <span class=\"dsm-typing-wrapper\"><span class=\"dsm-typing-strings\">Lena Cimarosti<\/span><span class=\"dsm-typing\" aria-hidden=\"true\" data-dsm-typing-cursor=\"|\" data-dsm-typing-strings=\"Lena Cimarosti\" data-dsm-typing-speed=100ms data-dsm-typing-backspeed=50ms data-dsm-typing-backdelay=700ms data-dsm-typing-loop=false data-dsm-typing-remove-cursor=off data-dsm-typing-fadeout=false data-dsm-typing-shuffle=false data-dsm-typing-delay=0ms data-dsm-typing-viewport=80% data-dsm-typing-repeat=off><\/span><\/span><\/h1>\n\t\t\t\t<\/div>\n\t\t\t<\/div>Oprindeligt uddannet socialp\u00e6dagog p\u00e5 K\u00f8benhavns socialp\u00e6dagogiske seminarium (mere socialp\u00e6dagog bliver det ikke) i 1999. Herefter har jeg brugt mit arbejdsliv p\u00e5 at dygtigg\u00f8re mig i forskellige brancher af det sociale arbejde: Jeg har startet en unger\u00e5dgivning, anbragt b\u00f8rn &amp; unge og f\u00f8rt tilsyn, ageret socialr\u00e5dgiver, arbejdet p\u00e5 d\u00f8gn, arbejdet offentlig s\u00e5vel som i private organisationer. Alt i mens har har v\u00e6ret omkring DPU, Inpraxis, Center for Milj\u00f8terapi og center for mentalisering. Det har udstyret mig med b\u00e5de viden om, samt papir p\u00e5\u2026 Konsulent i systemisk og narrativ praksis Milj\u00f8terapeut Konsulent i metaliseringsbasseret familiearbejde Herudover alt det l\u00f8se man \u201cf\u00e5r for\u00e6rende\u201d undervejs i et langt arbejdsliv ift arbejdsmilj\u00f8, medicinh\u00e5ndtering og alle verserende teoretiske tilgange som kommer og g\u00e5r. DEN DYGTIGE PRAKTIKER HAR MASSER AF TEORI P\u00c5 LAGER, OG EN GOD FORNEMMELSE FOR HVAD DER SKAL BRUGES HVORN\u00c5RCIMAkonsulenter tilbyder kvalificerede indsatser med udgangspunkt i hjemmene, og vores indsatser er altid med uddannet samt erfarent personale.Vi tilbyder b\u00e5de pakkel\u00f8sninger, samt opgavel\u00f8sninger time for time. Vores viden om b\u00f8rn og unges udvikling, samt hvordan vi har mulighed for at underst\u00f8tte med sammenh\u00e6ng og struktur, giver betingelser for, at familierne [&hellip;]<\/p>\n","protected":false},"author":1,"featured_media":0,"parent":0,"menu_order":0,"comment_status":"closed","ping_status":"closed","template":"","meta":{"_et_pb_use_builder":"on","_et_pb_old_content":"","_et_gb_content_width":"","footnotes":""},"class_list":["post-503","page","type-page","status-publish","hentry"],"_links":{"self":[{"href":"https:\/\/staging.cimakonsulenter.dk\/index.php\/wp-json\/wp\/v2\/pages\/503","targetHints":{"allow":["GET"]}}],"collection":[{"href":"https:\/\/staging.cimakonsulenter.dk\/index.php\/wp-json\/wp\/v2\/pages"}],"about":[{"href":"https:\/\/staging.cimakonsulenter.dk\/index.php\/wp-json\/wp\/v2\/types\/page"}],"author":[{"embeddable":true,"href":"https:\/\/staging.cimakonsulenter.dk\/index.php\/wp-json\/wp\/v2\/users\/1"}],"replies":[{"embeddable":true,"href":"https:\/\/staging.cimakonsulenter.dk\/index.php\/wp-json\/wp\/v2\/comments?post=503"}],"version-history":[{"count":18,"href":"https:\/\/staging.cimakonsulenter.dk\/index.php\/wp-json\/wp\/v2\/pages\/503\/revisions"}],"predecessor-version":[{"id":674,"href":"https:\/\/staging.cimakonsulenter.dk\/index.php\/wp-json\/wp\/v2\/pages\/503\/revisions\/674"}],"wp:attachment":[{"href":"https:\/\/staging.cimakonsulenter.dk\/index.php\/wp-json\/wp\/v2\/media?parent=503"}],"curies":[{"name":"wp","href":"https:\/\/api.w.org\/{rel}","templated":true}]}}