{"id":563,"date":"2025-11-27T10:27:51","date_gmt":"2025-11-27T10:27:51","guid":{"rendered":"https:\/\/staging.cimakonsulenter.dk\/?page_id=563"},"modified":"2025-12-09T10:41:05","modified_gmt":"2025-12-09T10:41:05","slug":"takster","status":"publish","type":"page","link":"https:\/\/staging.cimakonsulenter.dk\/index.php\/takster\/","title":{"rendered":"Takster"},"content":{"rendered":"<p>[et_pb_section fb_built=&#8221;1&#8243; admin_label=&#8221;Header&#8221; _builder_version=&#8221;4.27.4&#8243; _module_preset=&#8221;default&#8221; background_color=&#8221;#FFFFFF&#8221; da_disable_devices=&#8221;off|off|off&#8221; locked=&#8221;off&#8221; collapsed=&#8221;on&#8221; global_colors_info=&#8221;{}&#8221; da_is_popup=&#8221;off&#8221; da_exit_intent=&#8221;off&#8221; da_has_close=&#8221;on&#8221; da_alt_close=&#8221;off&#8221; da_dark_close=&#8221;off&#8221; da_not_modal=&#8221;on&#8221; da_is_singular=&#8221;off&#8221; da_with_loader=&#8221;off&#8221; da_has_shadow=&#8221;on&#8221;][et_pb_row _builder_version=&#8221;4.25.1&#8243; _module_preset=&#8221;default&#8221; custom_padding=&#8221;||3px|||&#8221; border_color_all=&#8221;gcid-fa3e187d-20a7-4c5a-962d-49a38117a4cc&#8221; global_colors_info=&#8221;{%22gcid-fa3e187d-20a7-4c5a-962d-49a38117a4cc%22:%91%22border_color_all%22%93}&#8221;][et_pb_column type=&#8221;4_4&#8243; _builder_version=&#8221;4.25.1&#8243; _module_preset=&#8221;default&#8221; global_colors_info=&#8221;{}&#8221;][et_pb_heading title=&#8221;Takstfasts\u00e6ttelse&#8221; _builder_version=&#8221;4.27.4&#8243; _module_preset=&#8221;ab233b98-5574-4001-8157-937f567bd5b0&#8243; title_font_size=&#8221;51px&#8221; custom_padding=&#8221;20px||||false|false&#8221; title_font_tablet=&#8221;&#8221; title_font_phone=&#8221;&#8221; title_font_last_edited=&#8221;on|phone&#8221; title_font_size_tablet=&#8221;51px&#8221; title_font_size_phone=&#8221;30px&#8221; title_font_size_last_edited=&#8221;on|phone&#8221; border_width_top=&#8221;2px&#8221; locked=&#8221;off&#8221; global_colors_info=&#8221;{}&#8221;][\/et_pb_heading][\/et_pb_column][\/et_pb_row][et_pb_row column_structure=&#8221;3_4,1_4&#8243; _builder_version=&#8221;4.27.4&#8243; _module_preset=&#8221;default&#8221; custom_margin_tablet=&#8221;&#8221; custom_margin_phone=&#8221;||-50px||false|false&#8221; custom_margin_last_edited=&#8221;on|phone&#8221; global_colors_info=&#8221;{}&#8221;][et_pb_column type=&#8221;3_4&#8243; _builder_version=&#8221;4.25.1&#8243; _module_preset=&#8221;default&#8221; global_colors_info=&#8221;{}&#8221;][et_pb_text quote_border_color=&#8221;#f2a094&#8243; _builder_version=&#8221;4.27.4&#8243; _module_preset=&#8221;1ba9b51d-e422-4230-a048-22a878a24150&#8243; text_font=&#8221;Montserrat||||||||&#8221; text_text_color=&#8221;#164e4e&#8221; link_text_color=&#8221;#f2a094&#8243; global_colors_info=&#8221;{}&#8221;]<\/p>\n<p>Indsatsniveau og takst aftales og tilpasses i t\u00e6t samarbejde med r\u00e5dgiver og familien. Der tages udgangspunkt i familiens behov, opgavens kompleksitet og den \u00f8nskede intensitet i indsatsen<\/p>\n<p>[\/et_pb_text][\/et_pb_column][et_pb_column type=&#8221;1_4&#8243; _builder_version=&#8221;4.25.1&#8243; _module_preset=&#8221;default&#8221; global_colors_info=&#8221;{}&#8221;][\/et_pb_column][\/et_pb_row][et_pb_row column_structure=&#8221;1_3,1_3,1_3&#8243; _builder_version=&#8221;4.27.4&#8243; _module_preset=&#8221;default&#8221; custom_padding=&#8221;|15px||15px|false|false&#8221; border_width_all=&#8221;6px&#8221; border_color_all=&#8221;#efede8&#8243; global_colors_info=&#8221;{}&#8221;][et_pb_column type=&#8221;1_3&#8243; _builder_version=&#8221;4.25.1&#8243; _module_preset=&#8221;default&#8221; global_colors_info=&#8221;{}&#8221;][et_pb_heading title=&#8221;Form\u00e5l&#8221; _builder_version=&#8221;4.27.4&#8243; _module_preset=&#8221;7af9ab8c-d0e3-4fd4-804c-92ae0219a480&#8243; title_text_color=&#8221;gcid-fa3e187d-20a7-4c5a-962d-49a38117a4cc&#8221; custom_margin=&#8221;||0px||false|false&#8221; animation_style=&#8221;bounce&#8221; global_colors_info=&#8221;{%22gcid-fa3e187d-20a7-4c5a-962d-49a38117a4cc%22:%91%22title_text_color%22%93}&#8221;][\/et_pb_heading][et_pb_text quote_border_color=&#8221;#f2a094&#8243; _builder_version=&#8221;4.27.4&#8243; _module_preset=&#8221;61569e94-4a58-4200-a2e7-c995fc09f95a&#8221; link_text_color=&#8221;#f2a094&#8243; global_colors_info=&#8221;{}&#8221;]<\/p>\n<p>At st\u00f8tte familien i at skabe positive forandringer i hverdagen gennem mentaliserende tilgang, struktureret samarbejde og aktiv, relationsbaseret st\u00f8tte. Indsatsen sigter mod at styrke familiens trivsel, \u00f8ge for\u00e6ldrekompetencer og st\u00f8tte barnets\/den unges udvikling gennem m\u00e5lrettet og specialiseret indsats.<\/p>\n<p>[\/et_pb_text][\/et_pb_column][et_pb_column type=&#8221;1_3&#8243; _builder_version=&#8221;4.25.1&#8243; _module_preset=&#8221;default&#8221; global_colors_info=&#8221;{}&#8221;][et_pb_heading title=&#8221;Indhold kan best\u00e5 af:&#8221; _builder_version=&#8221;4.27.4&#8243; _module_preset=&#8221;7af9ab8c-d0e3-4fd4-804c-92ae0219a480&#8243; title_text_color=&#8221;gcid-fa3e187d-20a7-4c5a-962d-49a38117a4cc&#8221; custom_margin=&#8221;||0px||false|false&#8221; animation_style=&#8221;bounce&#8221; global_colors_info=&#8221;{%22gcid-fa3e187d-20a7-4c5a-962d-49a38117a4cc%22:%91%22title_text_color%22%93}&#8221;][\/et_pb_heading][et_pb_text quote_border_color=&#8221;#f2a094&#8243; _builder_version=&#8221;4.27.4&#8243; _module_preset=&#8221;61569e94-4a58-4200-a2e7-c995fc09f95a&#8221; link_text_color=&#8221;#f2a094&#8243; global_colors_info=&#8221;{}&#8221;]<\/p>\n<ul>\n<li>T\u00e6t og regelm\u00e6ssig kontakt i hjemmet (typisk 1\u20133 gange ugentligt)<\/li>\n<li>Samtaler med for\u00e6ldre og\/eller hele familien<\/li>\n<li>Observation og deltagelse i familiens dagligdag (&#8220;spillende tr\u00e6ner&#8221;)<\/li>\n<li>Psykoedukation og strukturarbejde ift. b\u00f8rn\/unge med autisme, ADHD og komorbiditet<\/li>\n<li>Eksponeringstr\u00e6ning og social tr\u00e6ning med barnet\/den unge<\/li>\n<li>Akutte st\u00f8ttetiltag og aflastning ved behov<\/li>\n<li>Koordinering med netv\u00e6rk og andre akt\u00f8rer<\/li>\n<\/ul>\n<p>[\/et_pb_text][\/et_pb_column][et_pb_column type=&#8221;1_3&#8243; _builder_version=&#8221;4.25.1&#8243; _module_preset=&#8221;default&#8221; global_colors_info=&#8221;{}&#8221;][et_pb_heading title=&#8221;I alle opgaver indg\u00e5r:&#8221; _builder_version=&#8221;4.27.4&#8243; _module_preset=&#8221;7af9ab8c-d0e3-4fd4-804c-92ae0219a480&#8243; title_text_color=&#8221;gcid-fa3e187d-20a7-4c5a-962d-49a38117a4cc&#8221; custom_margin=&#8221;||0px||false|false&#8221; animation_style=&#8221;bounce&#8221; global_colors_info=&#8221;{%22gcid-fa3e187d-20a7-4c5a-962d-49a38117a4cc%22:%91%22title_text_color%22%93}&#8221;][\/et_pb_heading][et_pb_text quote_border_color=&#8221;#f2a094&#8243; _builder_version=&#8221;4.27.4&#8243; _module_preset=&#8221;61569e94-4a58-4200-a2e7-c995fc09f95a&#8221; link_text_color=&#8221;#f2a094&#8243; global_colors_info=&#8221;{}&#8221;]<\/p>\n<p>Kontakt til Familiekonsulenten 24\/7<br \/>Deltagelse i, for opgaven, relevante m\u00f8der<br \/>Transport efter aftale<br \/>Sparring mellem R\u00e5dgiver og Familiekonsulenten<br \/>Rettidig og kvalificeret rapport<\/p>\n<p>[\/et_pb_text][\/et_pb_column][\/et_pb_row][\/et_pb_section][et_pb_section fb_built=&#8221;1&#8243; admin_label=&#8221;Contact&#8221; _builder_version=&#8221;4.25.1&#8243; _module_preset=&#8221;default&#8221; background_color=&#8221;gcid-8544a4e2-27b8-420a-83de-1cee04f2fb29&#8243; da_disable_devices=&#8221;off|off|off&#8221; locked=&#8221;off&#8221; collapsed=&#8221;on&#8221; global_colors_info=&#8221;{%22gcid-8544a4e2-27b8-420a-83de-1cee04f2fb29%22:%91%22background_color%22%93}&#8221; da_is_popup=&#8221;off&#8221; da_exit_intent=&#8221;off&#8221; da_has_close=&#8221;on&#8221; da_alt_close=&#8221;off&#8221; da_dark_close=&#8221;off&#8221; da_not_modal=&#8221;on&#8221; da_is_singular=&#8221;off&#8221; da_with_loader=&#8221;off&#8221; da_has_shadow=&#8221;on&#8221;][et_pb_row column_structure=&#8221;1_2,1_2&#8243; _builder_version=&#8221;4.25.1&#8243; _module_preset=&#8221;default&#8221; locked=&#8221;off&#8221; global_colors_info=&#8221;{}&#8221;][et_pb_column type=&#8221;1_2&#8243; _builder_version=&#8221;4.25.1&#8243; _module_preset=&#8221;default&#8221; global_colors_info=&#8221;{}&#8221;][et_pb_image src=&#8221;https:\/\/staging.cimakonsulenter.dk\/wp-content\/uploads\/2025\/11\/psychologist-illustration-03-1.png&#8221; title_text=&#8221;psychologist-illustration-03-1&#8243; _builder_version=&#8221;4.27.4&#8243; _module_preset=&#8221;default&#8221; width_tablet=&#8221;&#8221; width_phone=&#8221;43%&#8221; width_last_edited=&#8221;on|phone&#8221; module_alignment_tablet=&#8221;&#8221; module_alignment_phone=&#8221;center&#8221; module_alignment_last_edited=&#8221;on|phone&#8221; global_colors_info=&#8221;{}&#8221;][\/et_pb_image][\/et_pb_column][et_pb_column type=&#8221;1_2&#8243; _builder_version=&#8221;4.25.1&#8243; _module_preset=&#8221;default&#8221; global_colors_info=&#8221;{}&#8221;][et_pb_heading title=&#8221;F\u00e5 en snak med os&#8221; _builder_version=&#8221;4.27.4&#8243; _module_preset=&#8221;eceaa5a2-1a00-4a2a-bec6-297a56e769c6&#8243; title_text_color=&#8221;gcid-fa3e187d-20a7-4c5a-962d-49a38117a4cc&#8221; title_text_align_tablet=&#8221;&#8221; title_text_align_phone=&#8221;center&#8221; title_text_align_last_edited=&#8221;on|phone&#8221; global_colors_info=&#8221;{%22gcid-fa3e187d-20a7-4c5a-962d-49a38117a4cc%22:%91%22title_text_color%22%93}&#8221;][\/et_pb_heading][et_pb_text quote_border_color=&#8221;#f2a094&#8243; _builder_version=&#8221;4.27.4&#8243; _module_preset=&#8221;1ba9b51d-e422-4230-a048-22a878a24150&#8243; link_text_color=&#8221;#f2a094&#8243; global_colors_info=&#8221;{}&#8221;]<\/p>\n<p>Skriv dine informationer her, s\u00e5 tager vi kontakt snarest muligt.<\/p>\n<p>[\/et_pb_text][et_pb_contact_form email=&#8221;lena@cimakonsulenter.dk&#8221; _builder_version=&#8221;4.27.4&#8243; _module_preset=&#8221;a05f8a56-8b25-4bf2-8a21-abdc162712c0&#8243; custom_button=&#8221;on&#8221; button_text_size=&#8221;14px&#8221; button_text_color=&#8221;#164e4e&#8221; hover_enabled=&#8221;0&#8243; locked=&#8221;off&#8221; global_colors_info=&#8221;{%22gcid-fa3e187d-20a7-4c5a-962d-49a38117a4cc%22:%91%22border_color_all_fields%22,%22form_field_text_color%22%93}&#8221; form_field_background_color=&#8221;#FFFFFF&#8221; button_bg_color=&#8221;#FFFFFF&#8221; button_bg_enable_color=&#8221;on&#8221; sticky_enabled=&#8221;0&#8243;][et_pb_contact_field field_id=&#8221;Navn&#8221; field_title=&#8221;Navn&#8221; fullwidth_field=&#8221;on&#8221; _builder_version=&#8221;4.27.4&#8243; _module_preset=&#8221;default&#8221; global_colors_info=&#8221;{}&#8221; button_text_size__hover_enabled=&#8221;off&#8221; button_one_text_size__hover_enabled=&#8221;off&#8221; button_two_text_size__hover_enabled=&#8221;off&#8221; button_text_color__hover_enabled=&#8221;off&#8221; button_one_text_color__hover_enabled=&#8221;off&#8221; button_two_text_color__hover_enabled=&#8221;off&#8221; button_border_width__hover_enabled=&#8221;off&#8221; button_one_border_width__hover_enabled=&#8221;off&#8221; button_two_border_width__hover_enabled=&#8221;off&#8221; button_border_color__hover_enabled=&#8221;off&#8221; button_one_border_color__hover_enabled=&#8221;off&#8221; button_two_border_color__hover_enabled=&#8221;off&#8221; button_border_radius__hover_enabled=&#8221;off&#8221; button_one_border_radius__hover_enabled=&#8221;off&#8221; button_two_border_radius__hover_enabled=&#8221;off&#8221; button_letter_spacing__hover_enabled=&#8221;off&#8221; button_one_letter_spacing__hover_enabled=&#8221;off&#8221; button_two_letter_spacing__hover_enabled=&#8221;off&#8221; button_bg_color__hover_enabled=&#8221;off&#8221; button_one_bg_color__hover_enabled=&#8221;off&#8221; button_two_bg_color__hover_enabled=&#8221;off&#8221;][\/et_pb_contact_field][et_pb_contact_field field_id=&#8221;Email&#8221; field_title=&#8221;Email&#8221; field_type=&#8221;email&#8221; fullwidth_field=&#8221;on&#8221; _builder_version=&#8221;4.27.4&#8243; _module_preset=&#8221;default&#8221; global_colors_info=&#8221;{}&#8221; button_text_size__hover_enabled=&#8221;off&#8221; button_one_text_size__hover_enabled=&#8221;off&#8221; button_two_text_size__hover_enabled=&#8221;off&#8221; button_text_color__hover_enabled=&#8221;off&#8221; button_one_text_color__hover_enabled=&#8221;off&#8221; button_two_text_color__hover_enabled=&#8221;off&#8221; button_border_width__hover_enabled=&#8221;off&#8221; button_one_border_width__hover_enabled=&#8221;off&#8221; button_two_border_width__hover_enabled=&#8221;off&#8221; button_border_color__hover_enabled=&#8221;off&#8221; button_one_border_color__hover_enabled=&#8221;off&#8221; button_two_border_color__hover_enabled=&#8221;off&#8221; button_border_radius__hover_enabled=&#8221;off&#8221; button_one_border_radius__hover_enabled=&#8221;off&#8221; button_two_border_radius__hover_enabled=&#8221;off&#8221; button_letter_spacing__hover_enabled=&#8221;off&#8221; button_one_letter_spacing__hover_enabled=&#8221;off&#8221; button_two_letter_spacing__hover_enabled=&#8221;off&#8221; button_bg_color__hover_enabled=&#8221;off&#8221; button_one_bg_color__hover_enabled=&#8221;off&#8221; button_two_bg_color__hover_enabled=&#8221;off&#8221;][\/et_pb_contact_field][et_pb_contact_field field_id=&#8221;Message&#8221; field_title=&#8221;Besked&#8221; field_type=&#8221;text&#8221; fullwidth_field=&#8221;on&#8221; _builder_version=&#8221;4.27.4&#8243; _module_preset=&#8221;default&#8221; global_colors_info=&#8221;{}&#8221; button_text_size__hover_enabled=&#8221;off&#8221; button_one_text_size__hover_enabled=&#8221;off&#8221; button_two_text_size__hover_enabled=&#8221;off&#8221; button_text_color__hover_enabled=&#8221;off&#8221; button_one_text_color__hover_enabled=&#8221;off&#8221; button_two_text_color__hover_enabled=&#8221;off&#8221; button_border_width__hover_enabled=&#8221;off&#8221; button_one_border_width__hover_enabled=&#8221;off&#8221; button_two_border_width__hover_enabled=&#8221;off&#8221; button_border_color__hover_enabled=&#8221;off&#8221; button_one_border_color__hover_enabled=&#8221;off&#8221; button_two_border_color__hover_enabled=&#8221;off&#8221; button_border_radius__hover_enabled=&#8221;off&#8221; button_one_border_radius__hover_enabled=&#8221;off&#8221; button_two_border_radius__hover_enabled=&#8221;off&#8221; button_letter_spacing__hover_enabled=&#8221;off&#8221; button_one_letter_spacing__hover_enabled=&#8221;off&#8221; button_two_letter_spacing__hover_enabled=&#8221;off&#8221; button_bg_color__hover_enabled=&#8221;off&#8221; button_one_bg_color__hover_enabled=&#8221;off&#8221; button_two_bg_color__hover_enabled=&#8221;off&#8221;][\/et_pb_contact_field][\/et_pb_contact_form][\/et_pb_column][\/et_pb_row][\/et_pb_section][et_pb_section fb_built=&#8221;1&#8243; admin_label=&#8221;Footer&#8221; _builder_version=&#8221;4.25.1&#8243; _module_preset=&#8221;default&#8221; background_color=&#8221;gcid-8544a4e2-27b8-420a-83de-1cee04f2fb29&#8243; da_disable_devices=&#8221;off|off|off&#8221; saved_tabs=&#8221;all&#8221; collapsed=&#8221;on&#8221; global_colors_info=&#8221;{%22gcid-8544a4e2-27b8-420a-83de-1cee04f2fb29%22:%91%22background_color%22%93}&#8221; da_is_popup=&#8221;off&#8221; da_exit_intent=&#8221;off&#8221; da_has_close=&#8221;on&#8221; da_alt_close=&#8221;off&#8221; da_dark_close=&#8221;off&#8221; da_not_modal=&#8221;on&#8221; da_is_singular=&#8221;off&#8221; da_with_loader=&#8221;off&#8221; da_has_shadow=&#8221;on&#8221;][et_pb_row column_structure=&#8221;1_2,1_2&#8243; _builder_version=&#8221;4.25.1&#8243; _module_preset=&#8221;default&#8221; global_colors_info=&#8221;{}&#8221;][et_pb_column type=&#8221;1_2&#8243; _builder_version=&#8221;4.25.1&#8243; _module_preset=&#8221;default&#8221; global_colors_info=&#8221;{}&#8221;][et_pb_heading title=&#8221;Kontakt os&#8221; _builder_version=&#8221;4.27.4&#8243; _module_preset=&#8221;4b089a63-43e0-4d95-a2f9-251d8f83234e&#8221; global_colors_info=&#8221;{}&#8221;][\/et_pb_heading][et_pb_text quote_border_color=&#8221;#f2a094&#8243; _builder_version=&#8221;4.27.4&#8243; _module_preset=&#8221;67ba240c-3440-49f3-b503-74fef12f469b&#8221; link_text_color=&#8221;#f2a094&#8243; global_colors_info=&#8221;{}&#8221;]<\/p>\n<p>Vi ser frem til at h\u00f8re fra dig, og kommer meget gerne til dig for en<br \/>uforpligtende samtale om de behov i opgaver, du\/I st\u00e5r med. Sammen finder vi l\u00f8sning.<\/p>\n<p>[\/et_pb_text][\/et_pb_column][et_pb_column type=&#8221;1_2&#8243; _builder_version=&#8221;4.25.1&#8243; _module_preset=&#8221;default&#8221; global_colors_info=&#8221;{}&#8221;][et_pb_heading title=&#8221;Hvem er vi?&#8221; _builder_version=&#8221;4.27.4&#8243; _module_preset=&#8221;a56daec5-ce92-4c4d-b8f7-138711ccc162&#8243; title_text_color=&#8221;gcid-fa3e187d-20a7-4c5a-962d-49a38117a4cc&#8221; locked=&#8221;off&#8221; global_colors_info=&#8221;{%22gcid-fa3e187d-20a7-4c5a-962d-49a38117a4cc%22:%91%22title_text_color%22%93}&#8221;][\/et_pb_heading][et_pb_button button_url=&#8221;https:\/\/staging.cimakonsulenter.dk\/index.php\/#teamet&#8221; url_new_window=&#8221;on&#8221; button_text=&#8221;Mere om Cimakonsulenter her&#8221; button_alignment_tablet=&#8221;&#8221; button_alignment_phone=&#8221;center&#8221; button_alignment_last_edited=&#8221;on|phone&#8221; _builder_version=&#8221;4.27.4&#8243; _module_preset=&#8221;43d76058-564a-4af3-a4a5-b80919dd1859&#8243; button_icon=&#8221;&#x24;||divi||400&#8243; button_text_size_tablet=&#8221;&#8221; button_text_size_phone=&#8221;10px&#8221; button_text_size_last_edited=&#8221;on|phone&#8221; button_font_tablet=&#8221;&#8221; button_font_phone=&#8221;Montserrat|700||on|on||||&#8221; button_font_last_edited=&#8221;on|phone&#8221; global_colors_info=&#8221;{}&#8221; button_text_color__hover_enabled=&#8221;on|hover&#8221; button_bg_color__hover_enabled=&#8221;on|hover&#8221; button_bg_color__hover=&#8221;#798d93&#8243; button_bg_enable_color__hover=&#8221;on&#8221;][\/et_pb_button][\/et_pb_column][\/et_pb_row][et_pb_row column_structure=&#8221;1_4,1_4,1_4,1_4&#8243; disabled_on=&#8221;on|off|off&#8221; _builder_version=&#8221;4.27.4&#8243; _module_preset=&#8221;default&#8221; global_colors_info=&#8221;{}&#8221;][et_pb_column type=&#8221;1_4&#8243; _builder_version=&#8221;4.25.1&#8243; _module_preset=&#8221;default&#8221; global_colors_info=&#8221;{}&#8221;][et_pb_heading title=&#8221;Adresse&#8221; _builder_version=&#8221;4.27.4&#8243; _module_preset=&#8221;e4629149-ace2-4304-93d1-9368d914fa98&#8243; custom_margin=&#8221;||0px||false|false&#8221; global_colors_info=&#8221;{}&#8221;][\/et_pb_heading][et_pb_text _builder_version=&#8221;4.27.4&#8243; _module_preset=&#8221;be36ae2e-8dc8-4981-a90b-07dcc0560823&#8243; global_colors_info=&#8221;{}&#8221;]<\/p>\n<p>Kong Eriks Have 7, 2765 Sm\u00f8rum<\/p>\n<p>[\/et_pb_text][\/et_pb_column][et_pb_column type=&#8221;1_4&#8243; _builder_version=&#8221;4.25.1&#8243; _module_preset=&#8221;default&#8221; global_colors_info=&#8221;{}&#8221;][et_pb_heading title=&#8221;Telefon&#8221; _builder_version=&#8221;4.27.4&#8243; _module_preset=&#8221;e4629149-ace2-4304-93d1-9368d914fa98&#8243; custom_margin=&#8221;||0px||false|false&#8221; global_colors_info=&#8221;{}&#8221;][\/et_pb_heading][et_pb_text _builder_version=&#8221;4.27.4&#8243; _module_preset=&#8221;be36ae2e-8dc8-4981-a90b-07dcc0560823&#8243; global_colors_info=&#8221;{}&#8221;]<\/p>\n<p>28 55 64 70<\/p>\n<p>[\/et_pb_text][\/et_pb_column][et_pb_column type=&#8221;1_4&#8243; _builder_version=&#8221;4.25.1&#8243; _module_preset=&#8221;default&#8221; global_colors_info=&#8221;{}&#8221;][et_pb_heading title=&#8221;Email&#8221; _builder_version=&#8221;4.25.1&#8243; _module_preset=&#8221;e4629149-ace2-4304-93d1-9368d914fa98&#8243; custom_margin=&#8221;||0px||false|false&#8221; global_colors_info=&#8221;{}&#8221;][\/et_pb_heading][et_pb_text _builder_version=&#8221;4.27.4&#8243; _module_preset=&#8221;be36ae2e-8dc8-4981-a90b-07dcc0560823&#8243; link_text_color=&#8221;#666666&#8243; global_colors_info=&#8221;{%22gcid-bcc99e3b-722a-4dba-85e5-49c6d1592562%22:%91%22quote_border_color%22,%22quote_border_color%22,%22quote_border_color%22,%22quote_border_color%22,%22quote_border_color%22%93,%22gcid-fa3e187d-20a7-4c5a-962d-49a38117a4cc%22:%91%22quote_text_color%22,%22quote_text_color%22,%22quote_text_color%22,%22quote_text_color%22,%22quote_text_color%22%93}&#8221;]<\/p>\n<p><a href=\"mailto:lena@cimakonsulenter.dk\">lena@cimakonsulenter.dk<\/a><\/p>\n<p>[\/et_pb_text][\/et_pb_column][et_pb_column type=&#8221;1_4&#8243; _builder_version=&#8221;4.27.4&#8243; _module_preset=&#8221;default&#8221; global_colors_info=&#8221;{}&#8221;][et_pb_heading title=&#8221;CVRnummer&#8221; _builder_version=&#8221;4.27.4&#8243; _module_preset=&#8221;e4629149-ace2-4304-93d1-9368d914fa98&#8243; custom_margin=&#8221;||0px||false|false&#8221; global_colors_info=&#8221;{}&#8221;][\/et_pb_heading][et_pb_text _builder_version=&#8221;4.27.4&#8243; _module_preset=&#8221;be36ae2e-8dc8-4981-a90b-07dcc0560823&#8243; link_text_color=&#8221;#666666&#8243; global_colors_info=&#8221;{%22gcid-bcc99e3b-722a-4dba-85e5-49c6d1592562%22:%91%22quote_border_color%22,%22quote_border_color%22,%22quote_border_color%22,%22quote_border_color%22,%22quote_border_color%22%93,%22gcid-fa3e187d-20a7-4c5a-962d-49a38117a4cc%22:%91%22quote_text_color%22,%22quote_text_color%22,%22quote_text_color%22,%22quote_text_color%22,%22quote_text_color%22%93}&#8221;]<\/p>\n<p>40425993<\/p>\n<p>[\/et_pb_text][\/et_pb_column][\/et_pb_row][et_pb_row disabled_on=&#8221;off|on|on&#8221; _builder_version=&#8221;4.27.4&#8243; _module_preset=&#8221;default&#8221; global_colors_info=&#8221;{}&#8221;][et_pb_column type=&#8221;4_4&#8243; _builder_version=&#8221;4.27.4&#8243; _module_preset=&#8221;default&#8221; global_colors_info=&#8221;{}&#8221;][et_pb_text _builder_version=&#8221;4.27.4&#8243; _module_preset=&#8221;default&#8221; text_font_size_tablet=&#8221;&#8221; text_font_size_phone=&#8221;&#8221; text_font_size_last_edited=&#8221;on|phone&#8221; global_colors_info=&#8221;{}&#8221;]<\/p>\n<p style=\"text-align: center;\"><strong>Adresse: <\/strong>Kong Eriks Have 7, 2765 Sm\u00f8rum<\/p>\n<p style=\"text-align: center;\"><strong>Telefon: <\/strong>28556470<\/p>\n<p style=\"text-align: center;\"><strong>Email: <\/strong><a href=\"mailto:lena@cimakonsulenter.dk\">lena@cimakonsulenter.dk <\/a><\/p>\n<p style=\"text-align: center;\"><strong>CVRnummer:<\/strong> 40425993<\/p>\n<p>[\/et_pb_text][\/et_pb_column][\/et_pb_row][\/et_pb_section]<\/p>\n","protected":false},"excerpt":{"rendered":"<p>Indsatsniveau og takst aftales og tilpasses i t\u00e6t samarbejde med r\u00e5dgiver og familien. Der tages udgangspunkt i familiens behov, opgavens kompleksitet og den \u00f8nskede intensitet i indsatsenAt st\u00f8tte familien i at skabe positive forandringer i hverdagen gennem mentaliserende tilgang, struktureret samarbejde og aktiv, relationsbaseret st\u00f8tte. Indsatsen sigter mod at styrke familiens trivsel, \u00f8ge for\u00e6ldrekompetencer og st\u00f8tte barnets\/den unges udvikling gennem m\u00e5lrettet og specialiseret indsats. T\u00e6t og regelm\u00e6ssig kontakt i hjemmet (typisk 1\u20133 gange ugentligt) Samtaler med for\u00e6ldre og\/eller hele familien Observation og deltagelse i familiens dagligdag (&#8220;spillende tr\u00e6ner&#8221;) Psykoedukation og strukturarbejde ift. b\u00f8rn\/unge med autisme, ADHD og komorbiditet Eksponeringstr\u00e6ning og social tr\u00e6ning med barnet\/den unge Akutte st\u00f8ttetiltag og aflastning ved behov Koordinering med netv\u00e6rk og andre akt\u00f8rer Kontakt til Familiekonsulenten 24\/7Deltagelse i, for opgaven, relevante m\u00f8derTransport efter aftaleSparring mellem R\u00e5dgiver og FamiliekonsulentenRettidig og kvalificeret rapportSkriv dine informationer her, s\u00e5 tager vi kontakt snarest muligt.Vi ser frem til at h\u00f8re fra dig, og kommer meget gerne til dig for enuforpligtende samtale om de behov i opgaver, du\/I st\u00e5r med. Sammen finder vi l\u00f8sning.Kong Eriks Have 7, 2765 Sm\u00f8rum28 55 64 70lena@cimakonsulenter.dk40425993Adresse: Kong Eriks Have 7, 2765 Sm\u00f8rum Telefon: 28556470 Email: lena@cimakonsulenter.dk CVRnummer: 40425993<\/p>\n","protected":false},"author":1,"featured_media":0,"parent":0,"menu_order":0,"comment_status":"closed","ping_status":"closed","template":"","meta":{"_et_pb_use_builder":"on","_et_pb_old_content":"","_et_gb_content_width":"","footnotes":""},"class_list":["post-563","page","type-page","status-publish","hentry"],"_links":{"self":[{"href":"https:\/\/staging.cimakonsulenter.dk\/index.php\/wp-json\/wp\/v2\/pages\/563","targetHints":{"allow":["GET"]}}],"collection":[{"href":"https:\/\/staging.cimakonsulenter.dk\/index.php\/wp-json\/wp\/v2\/pages"}],"about":[{"href":"https:\/\/staging.cimakonsulenter.dk\/index.php\/wp-json\/wp\/v2\/types\/page"}],"author":[{"embeddable":true,"href":"https:\/\/staging.cimakonsulenter.dk\/index.php\/wp-json\/wp\/v2\/users\/1"}],"replies":[{"embeddable":true,"href":"https:\/\/staging.cimakonsulenter.dk\/index.php\/wp-json\/wp\/v2\/comments?post=563"}],"version-history":[{"count":8,"href":"https:\/\/staging.cimakonsulenter.dk\/index.php\/wp-json\/wp\/v2\/pages\/563\/revisions"}],"predecessor-version":[{"id":673,"href":"https:\/\/staging.cimakonsulenter.dk\/index.php\/wp-json\/wp\/v2\/pages\/563\/revisions\/673"}],"wp:attachment":[{"href":"https:\/\/staging.cimakonsulenter.dk\/index.php\/wp-json\/wp\/v2\/media?parent=563"}],"curies":[{"name":"wp","href":"https:\/\/api.w.org\/{rel}","templated":true}]}}